{"id":2373,"date":"2018-05-25T08:00:59","date_gmt":"2018-05-25T08:00:59","guid":{"rendered":"https:\/\/fi.guehring.com\/?page_id=2373"},"modified":"2018-05-25T08:32:46","modified_gmt":"2018-05-25T08:32:46","slug":"tietosuoja","status":"publish","type":"page","link":"https:\/\/www.guehring.fi\/?page_id=2373","title":{"rendered":"Tietosuoja"},"content":{"rendered":"<p>[et_pb_section bb_built=&#8221;1&#8243; next_background_color=&#8221;#000000&#8243;][et_pb_row][et_pb_column type=&#8221;4_4&#8243;][et_pb_text _builder_version=&#8221;3.3.1&#8243;]<\/p>\n<h2>Yleinen tietosuoja-asetus ( General Data Protection Regulation, GDPR )<\/h2>\n<h4>Oy G\u00fchring Ab ei ker\u00e4\u00e4 asiakkaistaan mit\u00e4\u00e4n henkil\u00f6kohtaisia tietoja. Ainoat tiedot yhteisty\u00f6-<\/h4>\n<h4>kumppaneiden henkil\u00f6ist\u00e4 ovat vain ne, mitk\u00e4 ovat oleellisia tilausk\u00e4sittelyn ja tavarantoimituksen kannalta.<\/h4>\n<h4><\/h4>\n<h4>Asiakkailla on oikeus tarkastaa heist\u00e4 tallennetut tiedot yhti\u00f6mme toimipisteess\u00e4, osoite on<\/h4>\n<h4>L\u00e4mmitt\u00e4j\u00e4nkatu 4 A, 00880 Helsinki. Tarkastus vaatii ennakkoilmoittautumisen, puhelinnumero<\/h4>\n<h4>09-86220100.<\/h4>\n<h4><\/h4>\n<h4>Oy G\u00fchring Ab ei luovuta asiakastietojaan kolmannen osapuolen k\u00e4ytett\u00e4v\u00e4ksi.<\/h4>\n<h4><\/h4>\n<h4>Lis\u00e4\u00e4 tietoa tietosuojastamme <span style=\"color: #800000;\"><strong><a style=\"color: #800000;\" href=\"https:\/\/fi.guehring.com\/?page_id=2306\" target=\"_blank\" rel=\"noopener\">Privacy Policy<\/a><\/strong><\/span><\/h4>\n<p>[\/et_pb_text][\/et_pb_column][\/et_pb_row][\/et_pb_section][et_pb_section bb_built=&#8221;1&#8243; fullwidth=&#8221;off&#8221; specialty=&#8221;off&#8221; prev_background_color=&#8221;#000000&#8243;][et_pb_row][et_pb_column type=&#8221;4_4&#8243;][et_pb_divider _builder_version=&#8221;3.3.1&#8243; show_divider=&#8221;off&#8221; height=&#8221;100px&#8221; \/][\/et_pb_column][\/et_pb_row][\/et_pb_section]<\/p>\n","protected":false},"excerpt":{"rendered":"<p><div class=\"et_pb_row et_pb_row_0 et_pb_row_empty\">\n\t\t\t\t\n\t\t\t\t\n\t\t\t\t\n\t\t\t\t\n\t\t\t\t\n\t\t\t<\/div> Yleinen tietosuoja-asetus ( General Data Protection Regulation, GDPR ) Oy G\u00fchring Ab ei ker\u00e4\u00e4 asiakkaistaan mit\u00e4\u00e4n henkil\u00f6kohtaisia tietoja. Ainoat tiedot yhteisty\u00f6- kumppaneiden henkil\u00f6ist\u00e4 ovat vain ne, mitk\u00e4 ovat oleellisia tilausk\u00e4sittelyn ja tavarantoimituksen kannalta. Asiakkailla on oikeus tarkastaa heist\u00e4 tallennetut tiedot yhti\u00f6mme toimipisteess\u00e4, osoite on L\u00e4mmitt\u00e4j\u00e4nkatu 4 A, 00880 Helsinki. Tarkastus vaatii ennakkoilmoittautumisen, puhelinnumero 09-86220100. [&hellip;]<\/p>\n","protected":false},"author":1,"featured_media":0,"parent":0,"menu_order":0,"comment_status":"closed","ping_status":"closed","template":"","meta":{"_et_pb_use_builder":"on","_et_pb_old_content":"","_et_gb_content_width":"","footnotes":""},"class_list":["post-2373","page","type-page","status-publish","hentry"],"_links":{"self":[{"href":"https:\/\/www.guehring.fi\/index.php?rest_route=\/wp\/v2\/pages\/2373","targetHints":{"allow":["GET"]}}],"collection":[{"href":"https:\/\/www.guehring.fi\/index.php?rest_route=\/wp\/v2\/pages"}],"about":[{"href":"https:\/\/www.guehring.fi\/index.php?rest_route=\/wp\/v2\/types\/page"}],"author":[{"embeddable":true,"href":"https:\/\/www.guehring.fi\/index.php?rest_route=\/wp\/v2\/users\/1"}],"replies":[{"embeddable":true,"href":"https:\/\/www.guehring.fi\/index.php?rest_route=%2Fwp%2Fv2%2Fcomments&post=2373"}],"version-history":[{"count":5,"href":"https:\/\/www.guehring.fi\/index.php?rest_route=\/wp\/v2\/pages\/2373\/revisions"}],"predecessor-version":[{"id":2380,"href":"https:\/\/www.guehring.fi\/index.php?rest_route=\/wp\/v2\/pages\/2373\/revisions\/2380"}],"wp:attachment":[{"href":"https:\/\/www.guehring.fi\/index.php?rest_route=%2Fwp%2Fv2%2Fmedia&parent=2373"}],"curies":[{"name":"wp","href":"https:\/\/api.w.org\/{rel}","templated":true}]}}