{"id":220,"date":"2014-03-25T12:01:47","date_gmt":"2014-03-25T10:01:47","guid":{"rendered":"http:\/\/sv-webdev2.guehring.de\/wp_laender2\/?page_id=220"},"modified":"2022-04-25T10:28:41","modified_gmt":"2022-04-25T10:28:41","slug":"unternehmen","status":"publish","type":"page","link":"https:\/\/www.guehring.fi\/?page_id=220","title":{"rendered":"Yritys"},"content":{"rendered":"<p>[et_pb_section fb_built=&#8221;1&#8243; admin_label=&#8221;section&#8221; _builder_version=&#8221;3.22&#8243; background_color=&#8221;#ffffff&#8221; background_image=&#8221;https:\/\/fi.guehring.com\/wp-content\/uploads\/2014\/03\/unternehmen.jpg&#8221; global_colors_info=&#8221;{}&#8221;][et_pb_row admin_label=&#8221;row&#8221; _builder_version=&#8221;3.25&#8243; background_size=&#8221;initial&#8221; background_position=&#8221;top_left&#8221; background_repeat=&#8221;repeat&#8221; global_colors_info=&#8221;{}&#8221;][et_pb_column type=&#8221;4_4&#8243; _builder_version=&#8221;3.25&#8243; custom_padding=&#8221;|||&#8221; global_colors_info=&#8221;{}&#8221; custom_padding__hover=&#8221;|||&#8221;][et_pb_text admin_label=&#8221;Eigene Hartmetall-Herstellung&#8230;.&#8221; _builder_version=&#8221;3.27.4&#8243; background_size=&#8221;initial&#8221; background_position=&#8221;top_left&#8221; background_repeat=&#8221;repeat&#8221; border_style=&#8221;solid&#8221; global_colors_info=&#8221;{}&#8221;]<\/p>\n<h2>Oma kovametallituotanto. Oma koneenrakennus. Oma pinnoiteteknologia. Maailmanlaajuiset korkeat laatustandardit. Yli 60 tuotanto- ja huoltolaitosta. 46 myyntiyhti\u00f6t\u00e4. Sinulle aina ja kaikkialla.<\/h2>\n<p>[\/et_pb_text][et_pb_divider show_divider=&#8221;off&#8221; disabled_on=&#8221;on|on|off&#8221; _builder_version=&#8221;3.23.4&#8243; height=&#8221;600px&#8221; global_colors_info=&#8221;{}&#8221;][\/et_pb_divider][\/et_pb_column][\/et_pb_row][\/et_pb_section][et_pb_section fb_built=&#8221;1&#8243; admin_label=&#8221;section&#8221; _builder_version=&#8221;3.22&#8243; background_color=&#8221;#ffffff&#8221; background_image=&#8221;https:\/\/fi.guehring.com\/wp-content\/uploads\/2014\/03\/unternehmen_verlauf.jpg&#8221; global_colors_info=&#8221;{}&#8221;][et_pb_row admin_label=&#8221;row&#8221; _builder_version=&#8221;3.25&#8243; background_size=&#8221;initial&#8221; background_position=&#8221;top_left&#8221; background_repeat=&#8221;repeat&#8221; global_colors_info=&#8221;{}&#8221; column_structure=&#8221;1_4,1_4,1_4,1_4&#8243;][et_pb_column type=&#8221;1_4&#8243; _builder_version=&#8221;3.25&#8243; custom_padding=&#8221;|||&#8221; global_colors_info=&#8221;{}&#8221; custom_padding__hover=&#8221;|||&#8221;][et_pb_text admin_label=&#8221;Dr. J\u00f6rg G\u00fchring&#8221; _builder_version=&#8221;4.14.9&#8243; background_size=&#8221;initial&#8221; background_position=&#8221;top_left&#8221; background_repeat=&#8221;repeat&#8221; hover_enabled=&#8221;0&#8243; border_style=&#8221;solid&#8221; global_colors_info=&#8221;{}&#8221; sticky_enabled=&#8221;0&#8243;]<\/p>\n<div>\n<div>\n<h3>Dr. J\u00f6rg G\u00fchring<\/h3>\n<h4>\u2020 26.01.2021<br \/>Chairman of the Board of Management 1985-2021<\/h4>\n<\/div>\n<\/div>\n<p>[\/et_pb_text][\/et_pb_column][et_pb_column type=&#8221;1_4&#8243; _builder_version=&#8221;3.25&#8243; custom_padding=&#8221;|||&#8221; global_colors_info=&#8221;{}&#8221; custom_padding__hover=&#8221;|||&#8221;][et_pb_text admin_label=&#8221;Oliver G\u00fchring&#8221; _builder_version=&#8221;4.14.9&#8243; background_size=&#8221;initial&#8221; background_position=&#8221;top_left&#8221; background_repeat=&#8221;repeat&#8221; hover_enabled=&#8221;0&#8243; border_style=&#8221;solid&#8221; global_colors_info=&#8221;{}&#8221; sticky_enabled=&#8221;0&#8243;]<\/p>\n<div>\n<div>\n<h3>Oliver G\u00fchring<\/h3>\n<h4>Chairman of the Board of Management<br \/>Sales and Marketing Director<\/h4>\n<\/div>\n<\/div>\n<p>[\/et_pb_text][\/et_pb_column][et_pb_column type=&#8221;1_4&#8243; _builder_version=&#8221;3.25&#8243; custom_padding=&#8221;|||&#8221; global_colors_info=&#8221;{}&#8221; custom_padding__hover=&#8221;|||&#8221;][et_pb_text admin_label=&#8221;Dietmar Pfr\u00e4nger&#8221; _builder_version=&#8221;4.14.9&#8243; background_size=&#8221;initial&#8221; background_position=&#8221;top_left&#8221; background_repeat=&#8221;repeat&#8221; hover_enabled=&#8221;0&#8243; border_style=&#8221;solid&#8221; global_colors_info=&#8221;{}&#8221; sticky_enabled=&#8221;0&#8243;]<\/p>\n<h3>Dietmar Pfr\u00e4nger<\/h3>\n<h4>R&amp;D, Logistics, Technical and Production Director<\/h4>\n<p>[\/et_pb_text][\/et_pb_column][et_pb_column type=&#8221;1_4&#8243; _builder_version=&#8221;3.25&#8243; custom_padding=&#8221;|||&#8221; global_colors_info=&#8221;{}&#8221; custom_padding__hover=&#8221;|||&#8221;][et_pb_text admin_label=&#8221;Bernd Schatz&#8221; _builder_version=&#8221;4.14.9&#8243; background_size=&#8221;initial&#8221; background_position=&#8221;top_left&#8221; background_repeat=&#8221;repeat&#8221; hover_enabled=&#8221;0&#8243; border_style=&#8221;solid&#8221; global_colors_info=&#8221;{}&#8221; sticky_enabled=&#8221;0&#8243;]<\/p>\n<div>\n<div>\n<h3>Bernd Schatz<\/h3>\n<h4>Financial and Commercial Director<\/h4>\n<\/div>\n<\/div>\n<p>[\/et_pb_text][\/et_pb_column][\/et_pb_row][et_pb_row admin_label=&#8221;row&#8221; _builder_version=&#8221;3.25&#8243; background_size=&#8221;initial&#8221; background_position=&#8221;top_left&#8221; background_repeat=&#8221;repeat&#8221; global_colors_info=&#8221;{}&#8221;][et_pb_column type=&#8221;4_4&#8243; _builder_version=&#8221;3.25&#8243; custom_padding=&#8221;|||&#8221; global_colors_info=&#8221;{}&#8221; custom_padding__hover=&#8221;|||&#8221;][et_pb_text admin_label=&#8221;G\u00fchring ist ein traditionsreiches Unternehmen&#8230;&#8221; _builder_version=&#8221;3.27.4&#8243; background_size=&#8221;initial&#8221; background_position=&#8221;top_left&#8221; background_repeat=&#8221;repeat&#8221; border_style=&#8221;solid&#8221; global_colors_info=&#8221;{}&#8221;]<\/p>\n<div id=\"m75\">\n<div>\n<div>\n<div>\n<h1>G\u00fchring\u2019ll\u00e4 yrityksen\u00e4 on rikkaat perinteet ja on t\u00e4n\u00e4 p\u00e4iv\u00e4n\u00e4 yksi maailman johtavista ty\u00f6kalu-valmistajista.<\/h1>\n<\/div>\n<\/div>\n<div>\n<div>\n<h2>Korkea tuottavuus, erinomainen taloudellinen tehokkuus ja parhaat koneistus-tulokset ovat sit\u00e4 mihin tuotteemme ovat suunnitellut ja valmistettu yli sadan vuoden ajan.<\/h2>\n<h3>Korkea tuottavuus, erinomainen taloudellinen tehokkuus ja parhaat koneistus- vuoden ajan. Asiakkaamme ovat luottaneet tuotteisiimme joissa ty\u00f6kalun materiaali, geometria ja pinnoitteet kohtaavat t\u00e4ydellisesti. Oma kovametalli- tuotanto, oma koneen- ja tarvikkeiden valmistus, G\u00fchring pinnoiteteknologia ja huippuunsa viedyt t&amp;k \u2013 keskukset takaavat teknologisen johtoaseman py\u00f6riviss\u00e4 ty\u00f6kaluissa. Huoltoyksikk\u00f6mme tarjoavat joustavan tuen kaikenlaisille ty\u00f6kaluille.<\/h3>\n<\/div>\n<\/div>\n<\/div>\n<\/div>\n<p>[\/et_pb_text][\/et_pb_column][\/et_pb_row][\/et_pb_section][et_pb_section fb_built=&#8221;1&#8243; admin_label=&#8221;section&#8221; _builder_version=&#8221;3.22&#8243; background_color=&#8221;#ffffff&#8221; background_image=&#8221;\/wp-content\/uploads\/2014\/03\/hg_wertschoepfung.jpg&#8221; global_colors_info=&#8221;{}&#8221;][et_pb_row admin_label=&#8221;row&#8221; _builder_version=&#8221;3.25&#8243; background_size=&#8221;initial&#8221; background_position=&#8221;top_left&#8221; background_repeat=&#8221;repeat&#8221; global_colors_info=&#8221;{}&#8221;][et_pb_column type=&#8221;4_4&#8243; _builder_version=&#8221;3.25&#8243; custom_padding=&#8221;|||&#8221; global_colors_info=&#8221;{}&#8221; custom_padding__hover=&#8221;|||&#8221;][et_pb_text _builder_version=&#8221;3.27.4&#8243; background_size=&#8221;initial&#8221; background_position=&#8221;top_left&#8221; background_repeat=&#8221;repeat&#8221; global_colors_info=&#8221;{}&#8221;]<\/p>\n<h1>Value-added chain<\/h1>\n<h2>Optimal co-ordination of all tool parameters thanks to own R&amp;D sectors<\/h2>\n<p>[\/et_pb_text][et_pb_image src=&#8221;\/wp-content\/uploads\/2014\/03\/wertschoepfungskette_fi.png&#8221; align_tablet=&#8221;center&#8221; align_last_edited=&#8221;on|desktop&#8221; admin_label=&#8221;Wertsch\u00f6pfungskette&#8221; _builder_version=&#8221;3.23&#8243; animation_style=&#8221;slide&#8221; animation_direction=&#8221;left&#8221; animation_duration=&#8221;500ms&#8221; animation_intensity_slide=&#8221;10%&#8221; border_style=&#8221;solid&#8221; sticky=&#8221;off&#8221; always_center_on_mobile=&#8221;on&#8221; global_colors_info=&#8221;{}&#8221; align_phone=&#8221;center&#8221;][\/et_pb_image][\/et_pb_column][\/et_pb_row][\/et_pb_section][et_pb_section fb_built=&#8221;1&#8243; admin_label=&#8221;section&#8221; _builder_version=&#8221;3.22&#8243; background_color=&#8221;#ffffff&#8221; background_image=&#8221;https:\/\/fi.guehring.com\/wp-content\/uploads\/2014\/03\/zeitleiste.jpg&#8221; global_colors_info=&#8221;{}&#8221;][et_pb_row admin_label=&#8221;row&#8221; _builder_version=&#8221;3.25&#8243; background_size=&#8221;initial&#8221; background_position=&#8221;top_left&#8221; background_repeat=&#8221;repeat&#8221; global_colors_info=&#8221;{}&#8221;][et_pb_column type=&#8221;4_4&#8243; _builder_version=&#8221;3.25&#8243; custom_padding=&#8221;|||&#8221; global_colors_info=&#8221;{}&#8221; custom_padding__hover=&#8221;|||&#8221;][et_pb_text _builder_version=&#8221;3.27.4&#8243; background_size=&#8221;initial&#8221; background_position=&#8221;top_left&#8221; background_repeat=&#8221;repeat&#8221; border_style=&#8221;solid&#8221; global_colors_info=&#8221;{}&#8221;]<\/p>\n<h1>Faktaa ja lukuja<\/h1>\n<p>[\/et_pb_text][\/et_pb_column][\/et_pb_row][et_pb_row admin_label=&#8221;row&#8221; _builder_version=&#8221;3.25&#8243; background_size=&#8221;initial&#8221; background_position=&#8221;top_left&#8221; background_repeat=&#8221;repeat&#8221; global_colors_info=&#8221;{}&#8221; column_structure=&#8221;1_2,1_2&#8243;][et_pb_column type=&#8221;1_2&#8243; _builder_version=&#8221;3.25&#8243; custom_padding=&#8221;|||&#8221; global_colors_info=&#8221;{}&#8221; custom_padding__hover=&#8221;|||&#8221;][et_pb_text admin_label=&#8221;trenner&#8221; _builder_version=&#8221;3.27.4&#8243; background_size=&#8221;initial&#8221; background_position=&#8221;top_left&#8221; background_repeat=&#8221;repeat&#8221; global_colors_info=&#8221;{}&#8221;]<a href=\"\/wp-content\/uploads\/2014\/03\/strich_links.png\"><img loading=\"lazy\" decoding=\"async\" class=\"alignnone size-full wp-image-286\" src=\"\/wp-content\/uploads\/2014\/03\/strich_links.png\" alt=\"strich_links\" width=\"480\" height=\"80\" \/><\/a><br \/>\n[\/et_pb_text][et_pb_text admin_label=&#8221;1898 founded by&#8221; _builder_version=&#8221;3.27.4&#8243; background_size=&#8221;initial&#8221; background_position=&#8221;top_left&#8221; background_repeat=&#8221;repeat&#8221; border_style=&#8221;solid&#8221; global_colors_info=&#8221;{}&#8221;]<\/p>\n<div>\n<div>\n<h1>Gottlieb G\u00fchring<\/h1>\n<h2>perusti vuonna 1898<\/h2>\n<\/div>\n<\/div>\n<p>[\/et_pb_text][et_pb_divider show_divider=&#8221;off&#8221; disabled_on=&#8221;on|on|off&#8221; _builder_version=&#8221;3.23.4&#8243; height=&#8221;150px&#8221; global_colors_info=&#8221;{}&#8221;][\/et_pb_divider][et_pb_text admin_label=&#8221;1921 Oskar G\u00fchring&#8221; _builder_version=&#8221;3.27.4&#8243; background_size=&#8221;initial&#8221; background_position=&#8221;top_left&#8221; background_repeat=&#8221;repeat&#8221; border_style=&#8221;solid&#8221; global_colors_info=&#8221;{}&#8221;]<\/p>\n<h1>1921 Oskar G\u00fchring,<\/h1>\n<h3>1913 poismenneen perustajan poika<\/h3>\n<h2>siirtyi yhti\u00f6n johtoon<\/h2>\n<p>[\/et_pb_text][et_pb_divider show_divider=&#8221;off&#8221; disabled_on=&#8221;on|on|off&#8221; _builder_version=&#8221;3.23.4&#8243; height=&#8221;50px&#8221; global_colors_info=&#8221;{}&#8221;][\/et_pb_divider][et_pb_text admin_label=&#8221;1964 Dr. J\u00f6rg&#8221; _builder_version=&#8221;3.27.4&#8243; background_size=&#8221;initial&#8221; background_position=&#8221;top_left&#8221; background_repeat=&#8221;repeat&#8221; border_style=&#8221;solid&#8221; global_colors_info=&#8221;{}&#8221;]<\/p>\n<div>\n<div>\n<h1>1964 Dr. J\u00f6rg G\u00fchring<\/h1>\n<h2>liittyi<\/h2>\n<\/div>\n<\/div>\n<p>[\/et_pb_text][et_pb_text admin_label=&#8221;1985&#8243; _builder_version=&#8221;3.27.4&#8243; background_size=&#8221;initial&#8221; background_position=&#8221;top_left&#8221; background_repeat=&#8221;repeat&#8221; border_style=&#8221;solid&#8221; global_colors_info=&#8221;{}&#8221;]<\/p>\n<div>\n<div>\n<h1>1985<\/h1>\n<h2>Dr. J\u00f6rg G\u00fchring<\/h2>\n<h1>siirtyi yhti\u00f6n johtoon<\/h1>\n<\/div>\n<\/div>\n<p>[\/et_pb_text][et_pb_divider show_divider=&#8221;off&#8221; disabled_on=&#8221;on|on|off&#8221; _builder_version=&#8221;3.23.4&#8243; height=&#8221;50px&#8221; global_colors_info=&#8221;{}&#8221;][\/et_pb_divider][et_pb_text admin_label=&#8221;2000&#8243; _builder_version=&#8221;3.27.4&#8243; background_size=&#8221;initial&#8221; background_position=&#8221;top_left&#8221; background_repeat=&#8221;repeat&#8221; border_style=&#8221;solid&#8221; global_colors_info=&#8221;{}&#8221;]<\/p>\n<div>\n<div>\n<h1>2000<br \/>\nOliver G\u00fchring<\/h1>\n<h2>liittyi yhti\u00f6\u00f6n<span style=\"color: #ff0000;\"><br \/>\n<\/span><\/h2>\n<\/div>\n<\/div>\n<p>[\/et_pb_text][\/et_pb_column][et_pb_column type=&#8221;1_2&#8243; _builder_version=&#8221;3.25&#8243; custom_padding=&#8221;|||&#8221; global_colors_info=&#8221;{}&#8221; custom_padding__hover=&#8221;|||&#8221;][et_pb_divider show_divider=&#8221;off&#8221; disabled_on=&#8221;on|on|off&#8221; _builder_version=&#8221;3.23.4&#8243; height=&#8221;50px&#8221; global_colors_info=&#8221;{}&#8221;][\/et_pb_divider][et_pb_text admin_label=&#8221;trenner&#8221; _builder_version=&#8221;3.27.4&#8243; background_size=&#8221;initial&#8221; background_position=&#8221;top_left&#8221; background_repeat=&#8221;repeat&#8221; global_colors_info=&#8221;{}&#8221;][\/et_pb_text][et_pb_text admin_label=&#8221;Inventor&#8221; _builder_version=&#8221;3.27.4&#8243; background_size=&#8221;initial&#8221; background_position=&#8221;top_left&#8221; background_repeat=&#8221;repeat&#8221; border_style=&#8221;solid&#8221; global_colors_info=&#8221;{}&#8221;]<\/p>\n<h1>Ty\u00f6kalujen<\/h1>\n<h2>pinnoituksen keksij\u00e4<\/h2>\n<p>[\/et_pb_text][et_pb_text admin_label=&#8221;trenner&#8221; _builder_version=&#8221;3.27.4&#8243; background_size=&#8221;initial&#8221; background_position=&#8221;top_left&#8221; background_repeat=&#8221;repeat&#8221; global_colors_info=&#8221;{}&#8221;]&nbsp;<\/p>\n<p>&nbsp;<br \/>\n[\/et_pb_text][et_pb_text admin_label=&#8221;Standard program&#8230;&#8221; _builder_version=&#8221;3.27.4&#8243; background_size=&#8221;initial&#8221; background_position=&#8221;top_left&#8221; background_repeat=&#8221;repeat&#8221; border_style=&#8221;solid&#8221; global_colors_info=&#8221;{}&#8221;]<\/p>\n<h2>Vakio-ohjelmassa on 1850 mallia\/45.000 tuotetta<\/h2>\n<p>[\/et_pb_text][et_pb_text admin_label=&#8221;Leading Tool Management provider&#8221; _builder_version=&#8221;3.27.4&#8243; background_size=&#8221;initial&#8221; background_position=&#8221;top_left&#8221; background_repeat=&#8221;repeat&#8221; global_colors_info=&#8221;{}&#8221;]<\/p>\n<h4>Johtava Tool Management tuottaja logistisiin ja teknologisiin Tool<br \/>\nManagement konsepteihin noin 900 asennetulla ty\u00f6kaluautomaatti<br \/>\nj\u00e4rjestelmill\u00e4 maailmanlaajuisesti<\/h4>\n<h3><\/h3>\n<h1>HSK-kiinnityksen<\/h1>\n<h2>keksij\u00e4<\/h2>\n<p>&nbsp;<br \/>\n[\/et_pb_text][et_pb_text admin_label=&#8221;Pioneer in&#8230;&#8221; _builder_version=&#8221;3.27.4&#8243; background_size=&#8221;initial&#8221; background_position=&#8221;top_left&#8221; background_repeat=&#8221;repeat&#8221; border_style=&#8221;solid&#8221; global_colors_info=&#8221;{}&#8221;]<\/p>\n<div>\n<div>\n<h3>Pioneeri<\/h3>\n<h2>Pisara-teknologiassa<\/h2>\n<p>&nbsp;<\/p>\n<\/div>\n<\/div>\n<div>\n<div>\n<h2>130 sovellusinsin\u00f6\u00f6ri\u00e4 maailmanlaajuisesti<\/h2>\n<\/div>\n<\/div>\n<p>[\/et_pb_text][et_pb_text admin_label=&#8221;trenner&#8221; _builder_version=&#8221;3.27.4&#8243; background_size=&#8221;initial&#8221; background_position=&#8221;top_left&#8221; background_repeat=&#8221;repeat&#8221; global_colors_info=&#8221;{}&#8221;]&nbsp;<\/p>\n<p>&nbsp;<\/p>\n<p>&nbsp;<br \/>\n[\/et_pb_text][et_pb_text admin_label=&#8221;130 application&#8221; _builder_version=&#8221;3.27.4&#8243; background_size=&#8221;initial&#8221; background_position=&#8221;top_left&#8221; background_repeat=&#8221;repeat&#8221; border_style=&#8221;solid&#8221; global_colors_info=&#8221;{}&#8221;]<\/p>\n<div>\n<div>\n<h2>Maailmanlaajuinen l\u00e4sn\u00e4olo 60 tuotanto- ja huoltolaitoksella, 44 myyntiyhti\u00f6ll\u00e4 ja 25 myynti- ja markkinointipartnerilla<\/h2>\n<h2><a href=\"http:\/\/wpfi.guehring.de\/wp-content\/uploads\/2014\/03\/strich_links.png\"><img loading=\"lazy\" decoding=\"async\" class=\"alignnone size-full wp-image-286\" src=\"http:\/\/wpfi.guehring.de\/wp-content\/uploads\/2014\/03\/strich_links.png\" alt=\"strich_links\" width=\"480\" height=\"80\" \/><\/a><\/h2>\n<h3>600 kansainv\u00e4list\u00e4 patenttia<\/h3>\n<\/div>\n<\/div>\n<h2><\/h2>\n<h3>yli\u00a0 6.600 ty\u00f6ntekij\u00e4\u00e4 maailmanlaajuisesti,<\/h3>\n<h1>noin 250 harjoittelijaa Saksassa<\/h1>\n<p>[\/et_pb_text][\/et_pb_column][\/et_pb_row][\/et_pb_section][et_pb_section fb_built=&#8221;1&#8243; admin_label=&#8221;section&#8221; _builder_version=&#8221;3.22&#8243; background_color=&#8221;#ffffff&#8221; background_image=&#8221;https:\/\/fi.guehring.com\/wp-content\/uploads\/2014\/03\/hintergrund.jpg&#8221; global_colors_info=&#8221;{}&#8221;][et_pb_row admin_label=&#8221;row&#8221; _builder_version=&#8221;3.25&#8243; background_size=&#8221;initial&#8221; background_position=&#8221;top_left&#8221; background_repeat=&#8221;repeat&#8221; global_colors_info=&#8221;{}&#8221; column_structure=&#8221;1_2,1_2&#8243;][et_pb_column type=&#8221;1_2&#8243; _builder_version=&#8221;3.25&#8243; custom_padding=&#8221;|||&#8221; global_colors_info=&#8221;{}&#8221; custom_padding__hover=&#8221;|||&#8221;][et_pb_text admin_label=&#8221;Header Quality an Certificates&#8221; _builder_version=&#8221;3.27.4&#8243; background_size=&#8221;initial&#8221; background_position=&#8221;top_left&#8221; background_repeat=&#8221;repeat&#8221; border_style=&#8221;solid&#8221; global_colors_info=&#8221;{}&#8221;]<\/p>\n<h2>Laatu ja sertifikaatit<\/h2>\n<p>[\/et_pb_text][et_pb_text admin_label=&#8221;We set the standards for the future!&#8221; _builder_version=&#8221;3.27.4&#8243; background_size=&#8221;initial&#8221; background_position=&#8221;top_left&#8221; background_repeat=&#8221;repeat&#8221; border_style=&#8221;solid&#8221; global_colors_info=&#8221;{}&#8221;]<\/p>\n<div>\n<div>\n<h1>Asetamme standardit tulevaisuudelle!<\/h1>\n<h3>G\u00fchring oli ensimm\u00e4inen ty\u00f6kaluvalmistaja joka sai VW Group Award\u2019n<\/h3>\n<h3>ensiluokkaisena toimittajana. Monia muita vastaavia tunnustuksia on tullut<\/h3>\n<h3>tyytyv\u00e4isilt\u00e4 asiakkailta kuten John Deere, General Motors, Catepilar, British<\/h3>\n<h3>Aerospace, MTU M\u00fcnchen ja Schaeffler-Group.<\/h3>\n<\/div>\n<\/div>\n<p>[\/et_pb_text][\/et_pb_column][et_pb_column type=&#8221;1_2&#8243; _builder_version=&#8221;3.25&#8243; custom_padding=&#8221;|||&#8221; global_colors_info=&#8221;{}&#8221; custom_padding__hover=&#8221;|||&#8221;][\/et_pb_column][\/et_pb_row][\/et_pb_section][et_pb_section fb_built=&#8221;1&#8243; admin_label=&#8221;section&#8221; _builder_version=&#8221;3.22&#8243; background_color=&#8221;#ffffff&#8221; background_image=&#8221;\/wp-content\/uploads\/2014\/03\/hintergrund.jpg&#8221; global_colors_info=&#8221;{}&#8221;][et_pb_row admin_label=&#8221;row&#8221; _builder_version=&#8221;3.25&#8243; background_size=&#8221;initial&#8221; background_position=&#8221;top_left&#8221; background_repeat=&#8221;repeat&#8221; global_colors_info=&#8221;{}&#8221;][et_pb_column type=&#8221;4_4&#8243; _builder_version=&#8221;3.25&#8243; custom_padding=&#8221;|||&#8221; global_colors_info=&#8221;{}&#8221; custom_padding__hover=&#8221;|||&#8221;][et_pb_text _builder_version=&#8221;3.27.4&#8243; background_size=&#8221;initial&#8221; background_position=&#8221;top_left&#8221; background_repeat=&#8221;repeat&#8221; border_style=&#8221;solid&#8221; global_colors_info=&#8221;{}&#8221;]<\/p>\n<h3>T\u00e4m\u00e4n menestyksen perustana ovat olleet G\u00fchring\u2019in asettamat korkeimmat mahdolliset laatuvaatimukset tuotteilleen ja palveluilleen. Siksi <span style=\"color: white;\"><span style=\"color: black;\"><span style=\"color: black;\">G\u00fchring\u2019ll\u00e4 on sertifikaatit <\/span><\/span><\/span><\/h3>\n<div>\n<div>\n<table border=\"1\" width=\"100%\" frame=\"HSIDES\" rules=\"ROWS\" cellspacing=\"1\" cellpadding=\"14\">\n<tbody>\n<tr>\n<td width=\"40%\">ISO 9001:2008<\/td>\n<td width=\"60%\">Quality Management System<\/td>\n<\/tr>\n<tr>\n<td width=\"40%\">EN ISO 13485 + AC:2009<\/td>\n<td width=\"60%\">Quality Management System for Medical Products<\/td>\n<\/tr>\n<tr>\n<td width=\"40%\">ISO 14001:2004 + Cor 1:2009<\/td>\n<td width=\"60%\">Environmental Management System<\/td>\n<\/tr>\n<tr>\n<td width=\"40%\">AEO Certificate<\/td>\n<td width=\"60%\">Authorised Economic Operator<\/td>\n<\/tr>\n<\/tbody>\n<\/table>\n<\/div>\n<\/div>\n<p>[\/et_pb_text][\/et_pb_column][\/et_pb_row][et_pb_row admin_label=&#8221;row&#8221; _builder_version=&#8221;3.25&#8243; background_size=&#8221;initial&#8221; background_position=&#8221;top_left&#8221; background_repeat=&#8221;repeat&#8221; global_colors_info=&#8221;{}&#8221; column_structure=&#8221;1_3,2_3&#8243;][et_pb_column type=&#8221;1_3&#8243; _builder_version=&#8221;3.25&#8243; custom_padding=&#8221;|||&#8221; global_colors_info=&#8221;{}&#8221; custom_padding__hover=&#8221;|||&#8221;][et_pb_blurb image=&#8221;\/wp-content\/uploads\/2014\/03\/Unbenannt-3.png&#8221; image_icon_width=&#8221;none&#8221; admin_label=&#8221;icon zertifikat&#8221; _builder_version=&#8221;4.13.0&#8243; background_size=&#8221;initial&#8221; background_position=&#8221;top_left&#8221; background_repeat=&#8221;repeat&#8221; text_orientation=&#8221;center&#8221; animation=&#8221;left&#8221; image_max_width=&#8221;none&#8221; use_circle=&#8221;off&#8221; use_circle_border=&#8221;off&#8221; circle_border_color=&#8221;#2EA3F2&#8243; circle_color=&#8221;#2EA3F2&#8243; global_colors_info=&#8221;{}&#8221;][\/et_pb_blurb][\/et_pb_column][et_pb_column type=&#8221;2_3&#8243; _builder_version=&#8221;3.25&#8243; custom_padding=&#8221;|||&#8221; global_colors_info=&#8221;{}&#8221; custom_padding__hover=&#8221;|||&#8221;][et_pb_text admin_label=&#8221;Text neben Zert&#8221; _builder_version=&#8221;3.27.4&#8243; background_size=&#8221;initial&#8221; background_position=&#8221;top_left&#8221; background_repeat=&#8221;repeat&#8221; global_colors_info=&#8221;{}&#8221;]<\/p>\n<h3>Lis\u00e4ksi olemme onnistuneesti auditoitu:<br \/>\nVDA 6.1; VDA 6.4; TS 16949; EFQM; FDA; Aviation<\/h3>\n<h3>Sertifikaatit voi ladata <span style=\"color: #800000;\"><strong><a href=\"https:\/\/www.guehring.de\/en\/about-guhring\/newsroom\/downloads.php?navid=978486978486\" target=\"_blank\" rel=\"noopener\">t\u00e4st\u00e4<\/a> <\/strong><\/span>PDF-tiedostoina.<\/h3>\n<p>[\/et_pb_text][\/et_pb_column][\/et_pb_row][\/et_pb_section]<\/p>\n","protected":false},"excerpt":{"rendered":"<p>Oma kovametallituotanto. Oma koneenrakennus. Oma pinnoiteteknologia. Maailmanlaajuiset korkeat laatustandardit. Yli 60 tuotanto- ja huoltolaitosta. 46 myyntiyhti\u00f6t\u00e4. Sinulle aina ja kaikkialla. Dr. J\u00f6rg G\u00fchring \u2020 26.01.2021Chairman of the Board of Management 1985-2021 Oliver G\u00fchring Chairman of the Board of ManagementSales and Marketing Director Dietmar Pfr\u00e4nger R&amp;D, Logistics, Technical and Production Director Bernd Schatz Financial and Commercial [&hellip;]<\/p>\n","protected":false},"author":1,"featured_media":0,"parent":0,"menu_order":0,"comment_status":"open","ping_status":"open","template":"","meta":{"_et_pb_use_builder":"on","_et_pb_old_content":"","_et_gb_content_width":"","footnotes":""},"class_list":["post-220","page","type-page","status-publish","hentry"],"_links":{"self":[{"href":"https:\/\/www.guehring.fi\/index.php?rest_route=\/wp\/v2\/pages\/220","targetHints":{"allow":["GET"]}}],"collection":[{"href":"https:\/\/www.guehring.fi\/index.php?rest_route=\/wp\/v2\/pages"}],"about":[{"href":"https:\/\/www.guehring.fi\/index.php?rest_route=\/wp\/v2\/types\/page"}],"author":[{"embeddable":true,"href":"https:\/\/www.guehring.fi\/index.php?rest_route=\/wp\/v2\/users\/1"}],"replies":[{"embeddable":true,"href":"https:\/\/www.guehring.fi\/index.php?rest_route=%2Fwp%2Fv2%2Fcomments&post=220"}],"version-history":[{"count":63,"href":"https:\/\/www.guehring.fi\/index.php?rest_route=\/wp\/v2\/pages\/220\/revisions"}],"predecessor-version":[{"id":2592,"href":"https:\/\/www.guehring.fi\/index.php?rest_route=\/wp\/v2\/pages\/220\/revisions\/2592"}],"wp:attachment":[{"href":"https:\/\/www.guehring.fi\/index.php?rest_route=%2Fwp%2Fv2%2Fmedia&parent=220"}],"curies":[{"name":"wp","href":"https:\/\/api.w.org\/{rel}","templated":true}]}}