{"id":2001,"date":"2017-06-21T09:09:02","date_gmt":"2017-06-21T09:09:02","guid":{"rendered":"http:\/\/wpfi.guehring.de\/?page_id=2001"},"modified":"2020-07-23T10:59:47","modified_gmt":"2020-07-23T10:59:47","slug":"about-us","status":"publish","type":"page","link":"https:\/\/www.guehring.fi\/?page_id=2001","title":{"rendered":"About us"},"content":{"rendered":"<p>[et_pb_section fb_built=&#8221;1&#8243; admin_label=&#8221;section&#8221; _builder_version=&#8221;3.22&#8243; background_image=&#8221;https:\/\/fi.guehring.com\/wp-content\/uploads\/2014\/08\/gebaude_trans.jpg&#8221; parallax=&#8221;on&#8221;][et_pb_row admin_label=&#8221;row&#8221; _builder_version=&#8221;3.25&#8243; background_size=&#8221;initial&#8221; background_position=&#8221;top_left&#8221; background_repeat=&#8221;repeat&#8221;][et_pb_column type=&#8221;4_4&#8243; _builder_version=&#8221;3.25&#8243; custom_padding=&#8221;|||&#8221; custom_padding__hover=&#8221;|||&#8221;][et_pb_text _builder_version=&#8221;4.2.2&#8243; hover_enabled=&#8221;0&#8243; border_style=&#8221;solid&#8221;]<\/p>\n<h1><strong>Oy G\u00fchring Ab<br \/><\/strong><\/h1>\n<p>&nbsp;<\/p>\n<h2>On perustettu vuonna 1987. Olemme Saksalaisen emoyhti\u00f6mme G\u00fchring KG\u2019n 100% omistama tyt\u00e4ryhti\u00f6. Suomen toimipisteemme, toimisto ja varasto, sijaitsee Helsingin Herttoniemess\u00e4.<\/h2>\n<h2>\u00a0<\/h2>\n<h2>Meill\u00e4 on Suomen varastossamme huomattava m\u00e4\u00e4r\u00e4 vakioty\u00f6kaluja, n\u00e4ihin kuuluvat sek\u00e4 pikater\u00e4s- ett\u00e4<\/h2>\n<h2>kovametalliporat, kanuunaporat, kierretapit ja \u2013jyrsimet, varsijyrsimet kovametallisina ja pikater\u00e4ksisin\u00e4, upottimet ja kalvimet, uritus- ja kierteensorvausty\u00f6kalut. Vakio-ohjelmassa on yli 100.000 tuotetta.<\/h2>\n<h2>\u00a0<\/h2>\n<h2>Valmistamme my\u00f6s erikoisty\u00f6kaluja asiakkaiden piirustusten tai toiveiden mukaan.<\/h2>\n<h2>\u00a0<\/h2>\n<h2>Meilt\u00e4 saatte my\u00f6s ty\u00f6kaluhuollon. T\u00e4ss\u00e4 k\u00e4yt\u00e4mme apuna sisaryrityksi\u00e4mme Euroopassa.<\/h2>\n<p>&nbsp;<\/p>\n<p>[\/et_pb_text][\/et_pb_column][\/et_pb_row][\/et_pb_section][et_pb_section fb_built=&#8221;1&#8243; admin_label=&#8221;section&#8221; module_id=&#8221;contact&#8221; _builder_version=&#8221;3.2.2&#8243; background_color=&#8221;#ffffff&#8221; background_image=&#8221;https:\/\/fi.guehring.com\/wp-content\/uploads\/2014\/03\/hg_tlb.jpg&#8221; global_module=&#8221;2006&#8243;][et_pb_row admin_label=&#8221;row&#8221; _builder_version=&#8221;3.25&#8243; background_size=&#8221;initial&#8221; background_position=&#8221;top_left&#8221; background_repeat=&#8221;repeat&#8221; column_structure=&#8221;1_2,1_2&#8243;][et_pb_column type=&#8221;1_2&#8243; _builder_version=&#8221;3.0.47&#8243; custom_padding=&#8221;|||&#8221; custom_padding__hover=&#8221;|||&#8221;][et_pb_text admin_label=&#8221;Contact Finnland&#8221; _builder_version=&#8221;3.27.4&#8243; background_size=&#8221;initial&#8221; background_position=&#8221;top_left&#8221; background_repeat=&#8221;repeat&#8221;]<\/p>\n<div>\n<h1>Yhteystiedot<\/h1>\n<h4>Ota yhteytt\u00e4<\/h4>\n<h2 class=\"openInMap\" title=\"auf der Karte anzeigen\">Oy G\u00fchring Ab<\/h2>\n<h4>L\u00e4mmitt\u00e4j\u00e4nkatu 4 A<br \/>00880 Helsinki<\/h4>\n<h4>Tel. +358 9 86\u00a0220\u00a0100<\/h4>\n<h4><a href=\"mailto:myynti@guehring.fi\">myynti@guehring.fi<\/a><br \/><a href=\"https:\/\/fi.guehring.com\" target=\"_blank\" rel=\"noopener noreferrer\">www.guehring.fi<\/a><\/h4>\n<\/div>\n<p>[\/et_pb_text][\/et_pb_column][et_pb_column type=&#8221;1_2&#8243; _builder_version=&#8221;3.0.47&#8243; custom_padding=&#8221;|||&#8221; custom_padding__hover=&#8221;|||&#8221;][et_pb_contact_form email=&#8221;myynti@guehring.fi&#8221; title=&#8221;Yhteystietosi&#8221; success_message=&#8221;Your message was send successful.&#8221; submit_button_text=&#8221;L\u00e4het\u00e4&#8221; _builder_version=&#8221;3.0.106&#8243; border_radii=&#8221;on|0px|0px|0px|0px&#8221;][et_pb_contact_field field_id=&#8221;Name&#8221; field_title=&#8221;Nimi&#8221; _builder_version=&#8221;3.16&#8243; form_field_font=&#8221;||||&#8221; border_style_all=&#8221;solid&#8221; use_border_color=&#8221;off&#8221; button_text_size__hover_enabled=&#8221;off&#8221; button_one_text_size__hover_enabled=&#8221;off&#8221; button_two_text_size__hover_enabled=&#8221;off&#8221; button_text_color__hover_enabled=&#8221;off&#8221; button_one_text_color__hover_enabled=&#8221;off&#8221; button_two_text_color__hover_enabled=&#8221;off&#8221; button_border_width__hover_enabled=&#8221;off&#8221; button_one_border_width__hover_enabled=&#8221;off&#8221; button_two_border_width__hover_enabled=&#8221;off&#8221; button_border_color__hover_enabled=&#8221;off&#8221; button_one_border_color__hover_enabled=&#8221;off&#8221; button_two_border_color__hover_enabled=&#8221;off&#8221; button_border_radius__hover_enabled=&#8221;off&#8221; button_one_border_radius__hover_enabled=&#8221;off&#8221; button_two_border_radius__hover_enabled=&#8221;off&#8221; button_letter_spacing__hover_enabled=&#8221;off&#8221; button_one_letter_spacing__hover_enabled=&#8221;off&#8221; button_two_letter_spacing__hover_enabled=&#8221;off&#8221; button_bg_color__hover_enabled=&#8221;off&#8221; button_one_bg_color__hover_enabled=&#8221;off&#8221; button_two_bg_color__hover_enabled=&#8221;off&#8221;][\/et_pb_contact_field][et_pb_contact_field field_id=&#8221;Email&#8221; field_title=&#8221;S\u00e4hk\u00f6posti&#8221; field_type=&#8221;email&#8221; _builder_version=&#8221;3.16&#8243; form_field_font=&#8221;||||&#8221; border_style_all=&#8221;solid&#8221; use_border_color=&#8221;off&#8221; button_text_size__hover_enabled=&#8221;off&#8221; button_one_text_size__hover_enabled=&#8221;off&#8221; button_two_text_size__hover_enabled=&#8221;off&#8221; button_text_color__hover_enabled=&#8221;off&#8221; button_one_text_color__hover_enabled=&#8221;off&#8221; button_two_text_color__hover_enabled=&#8221;off&#8221; button_border_width__hover_enabled=&#8221;off&#8221; button_one_border_width__hover_enabled=&#8221;off&#8221; button_two_border_width__hover_enabled=&#8221;off&#8221; button_border_color__hover_enabled=&#8221;off&#8221; button_one_border_color__hover_enabled=&#8221;off&#8221; button_two_border_color__hover_enabled=&#8221;off&#8221; button_border_radius__hover_enabled=&#8221;off&#8221; button_one_border_radius__hover_enabled=&#8221;off&#8221; button_two_border_radius__hover_enabled=&#8221;off&#8221; button_letter_spacing__hover_enabled=&#8221;off&#8221; button_one_letter_spacing__hover_enabled=&#8221;off&#8221; button_two_letter_spacing__hover_enabled=&#8221;off&#8221; button_bg_color__hover_enabled=&#8221;off&#8221; button_one_bg_color__hover_enabled=&#8221;off&#8221; button_two_bg_color__hover_enabled=&#8221;off&#8221;][\/et_pb_contact_field][et_pb_contact_field field_id=&#8221;Message&#8221; field_title=&#8221;viesti&#8221; field_type=&#8221;text&#8221; fullwidth_field=&#8221;on&#8221; _builder_version=&#8221;3.16&#8243; form_field_font=&#8221;||||&#8221; border_style_all=&#8221;solid&#8221; use_border_color=&#8221;off&#8221; button_text_size__hover_enabled=&#8221;off&#8221; button_one_text_size__hover_enabled=&#8221;off&#8221; button_two_text_size__hover_enabled=&#8221;off&#8221; button_text_color__hover_enabled=&#8221;off&#8221; button_one_text_color__hover_enabled=&#8221;off&#8221; button_two_text_color__hover_enabled=&#8221;off&#8221; button_border_width__hover_enabled=&#8221;off&#8221; button_one_border_width__hover_enabled=&#8221;off&#8221; button_two_border_width__hover_enabled=&#8221;off&#8221; button_border_color__hover_enabled=&#8221;off&#8221; button_one_border_color__hover_enabled=&#8221;off&#8221; button_two_border_color__hover_enabled=&#8221;off&#8221; button_border_radius__hover_enabled=&#8221;off&#8221; button_one_border_radius__hover_enabled=&#8221;off&#8221; button_two_border_radius__hover_enabled=&#8221;off&#8221; button_letter_spacing__hover_enabled=&#8221;off&#8221; button_one_letter_spacing__hover_enabled=&#8221;off&#8221; button_two_letter_spacing__hover_enabled=&#8221;off&#8221; button_bg_color__hover_enabled=&#8221;off&#8221; button_one_bg_color__hover_enabled=&#8221;off&#8221; button_two_bg_color__hover_enabled=&#8221;off&#8221;][\/et_pb_contact_field][et_pb_contact_field field_id=&#8221;datenschutz&#8221; field_title=&#8221;Privacy Policy&#8221; field_type=&#8221;checkbox&#8221; checkbox_options=&#8221;%91{%22value%22:%22I accept the privacy policy of G\u00fchring KG%22,%22checked%22:0}%93&#8243; fullwidth_field=&#8221;on&#8221; _builder_version=&#8221;3.16&#8243; button_text_size__hover_enabled=&#8221;off&#8221; button_one_text_size__hover_enabled=&#8221;off&#8221; button_two_text_size__hover_enabled=&#8221;off&#8221; button_text_color__hover_enabled=&#8221;off&#8221; button_one_text_color__hover_enabled=&#8221;off&#8221; button_two_text_color__hover_enabled=&#8221;off&#8221; button_border_width__hover_enabled=&#8221;off&#8221; button_one_border_width__hover_enabled=&#8221;off&#8221; button_two_border_width__hover_enabled=&#8221;off&#8221; button_border_color__hover_enabled=&#8221;off&#8221; button_one_border_color__hover_enabled=&#8221;off&#8221; button_two_border_color__hover_enabled=&#8221;off&#8221; button_border_radius__hover_enabled=&#8221;off&#8221; button_one_border_radius__hover_enabled=&#8221;off&#8221; button_two_border_radius__hover_enabled=&#8221;off&#8221; button_letter_spacing__hover_enabled=&#8221;off&#8221; button_one_letter_spacing__hover_enabled=&#8221;off&#8221; button_two_letter_spacing__hover_enabled=&#8221;off&#8221; button_bg_color__hover_enabled=&#8221;off&#8221; button_one_bg_color__hover_enabled=&#8221;off&#8221; button_two_bg_color__hover_enabled=&#8221;off&#8221;][\/et_pb_contact_field][\/et_pb_contact_form][\/et_pb_column][\/et_pb_row][\/et_pb_section]<\/p>\n","protected":false},"excerpt":{"rendered":"<p>Oy G\u00fchring Ab &nbsp; On perustettu vuonna 1987. Olemme Saksalaisen emoyhti\u00f6mme G\u00fchring KG\u2019n 100% omistama tyt\u00e4ryhti\u00f6. Suomen toimipisteemme, toimisto ja varasto, sijaitsee Helsingin Herttoniemess\u00e4. \u00a0 Meill\u00e4 on Suomen varastossamme huomattava m\u00e4\u00e4r\u00e4 vakioty\u00f6kaluja, n\u00e4ihin kuuluvat sek\u00e4 pikater\u00e4s- ett\u00e4 kovametalliporat, kanuunaporat, kierretapit ja \u2013jyrsimet, varsijyrsimet kovametallisina ja pikater\u00e4ksisin\u00e4, upottimet ja kalvimet, uritus- ja kierteensorvausty\u00f6kalut. Vakio-ohjelmassa on yli [&hellip;]<\/p>\n","protected":false},"author":1,"featured_media":0,"parent":0,"menu_order":0,"comment_status":"closed","ping_status":"closed","template":"","meta":{"_et_pb_use_builder":"on","_et_pb_old_content":"","_et_gb_content_width":"","footnotes":""},"class_list":["post-2001","page","type-page","status-publish","hentry"],"_links":{"self":[{"href":"https:\/\/www.guehring.fi\/index.php?rest_route=\/wp\/v2\/pages\/2001","targetHints":{"allow":["GET"]}}],"collection":[{"href":"https:\/\/www.guehring.fi\/index.php?rest_route=\/wp\/v2\/pages"}],"about":[{"href":"https:\/\/www.guehring.fi\/index.php?rest_route=\/wp\/v2\/types\/page"}],"author":[{"embeddable":true,"href":"https:\/\/www.guehring.fi\/index.php?rest_route=\/wp\/v2\/users\/1"}],"replies":[{"embeddable":true,"href":"https:\/\/www.guehring.fi\/index.php?rest_route=%2Fwp%2Fv2%2Fcomments&post=2001"}],"version-history":[{"count":15,"href":"https:\/\/www.guehring.fi\/index.php?rest_route=\/wp\/v2\/pages\/2001\/revisions"}],"predecessor-version":[{"id":2569,"href":"https:\/\/www.guehring.fi\/index.php?rest_route=\/wp\/v2\/pages\/2001\/revisions\/2569"}],"wp:attachment":[{"href":"https:\/\/www.guehring.fi\/index.php?rest_route=%2Fwp%2Fv2%2Fmedia&parent=2001"}],"curies":[{"name":"wp","href":"https:\/\/api.w.org\/{rel}","templated":true}]}}